{"id":33,"date":"2016-10-07T21:29:51","date_gmt":"2016-10-07T20:29:51","guid":{"rendered":"https:\/\/vonderbeck.apps-1and1.net\/?page_id=33"},"modified":"2018-12-21T18:00:36","modified_gmt":"2018-12-21T17:00:36","slug":"literatur","status":"publish","type":"page","link":"https:\/\/vonderbeck.com\/?page_id=33","title":{"rendered":"Literatur"},"content":{"rendered":"<p><a href=\"https:\/\/vonderbeck.com\/wp-content\/uploads\/2016\/10\/Menger_Volkswirtschaftslehre.jpg\"><img loading=\"lazy\" decoding=\"async\" class=\"alignnone size-medium wp-image-34\" src=\"https:\/\/vonderbeck.com\/wp-content\/uploads\/2016\/10\/Menger_Volkswirtschaftslehre-233x300.jpg\" alt=\"menger_volkswirtschaftslehre\" width=\"233\" height=\"300\" srcset=\"https:\/\/vonderbeck.com\/wp-content\/uploads\/2016\/10\/Menger_Volkswirtschaftslehre-233x300.jpg 233w, https:\/\/vonderbeck.com\/wp-content\/uploads\/2016\/10\/Menger_Volkswirtschaftslehre.jpg 400w\" sizes=\"auto, (max-width: 233px) 100vw, 233px\" \/><\/a><br \/>\n<em>In Zeiten mangelnden \u00f6konomischen Wissens an allen Ecken ein Must Read.<\/em><br \/>\n<span style=\"font-size: 10pt;\">Verlag: Nabu Press (2010)<\/span><br \/>\n<span style=\"font-size: 10pt;\"> ISBN: 978-1146357395<\/span><\/p>\n<p><a href=\"https:\/\/vonderbeck.com\/wp-content\/uploads\/2016\/10\/Preussen_Und_Die_Marktwirtschaft.jpg\"><img loading=\"lazy\" decoding=\"async\" class=\"alignnone size-medium wp-image-35\" src=\"https:\/\/vonderbeck.com\/wp-content\/uploads\/2016\/10\/Preussen_Und_Die_Marktwirtschaft-184x300.jpg\" alt=\"preussen_und_die_marktwirtschaft\" width=\"184\" height=\"300\" srcset=\"https:\/\/vonderbeck.com\/wp-content\/uploads\/2016\/10\/Preussen_Und_Die_Marktwirtschaft-184x300.jpg 184w, https:\/\/vonderbeck.com\/wp-content\/uploads\/2016\/10\/Preussen_Und_Die_Marktwirtschaft.jpg 300w\" sizes=\"auto, (max-width: 184px) 100vw, 184px\" \/><\/a><br \/>\n<em>Ein tolles Werk von Erhardt B\u00f6decker zu Wirtschaftspolitik.<\/em><br \/>\n<span style=\"font-size: 10pt;\">Verlag: Olzog (2010)<\/span><br \/>\n<span style=\"font-size: 10pt;\"> ISBN: 978-3789281877<\/span><\/p>\n<p><a href=\"https:\/\/vonderbeck.com\/wp-content\/uploads\/2016\/10\/Baader_Geldsozialismus.jpg\"><img loading=\"lazy\" decoding=\"async\" class=\"alignnone size-medium wp-image-36\" src=\"https:\/\/vonderbeck.com\/wp-content\/uploads\/2016\/10\/Baader_Geldsozialismus-189x300.jpg\" alt=\"baader_geldsozialismus\" width=\"189\" height=\"300\" srcset=\"https:\/\/vonderbeck.com\/wp-content\/uploads\/2016\/10\/Baader_Geldsozialismus-189x300.jpg 189w, https:\/\/vonderbeck.com\/wp-content\/uploads\/2016\/10\/Baader_Geldsozialismus.jpg 300w\" sizes=\"auto, (max-width: 189px) 100vw, 189px\" \/><\/a><br \/>\n<em>Der letzte und zutiefst aufr\u00fcttelnde Warnruf des gro\u00dfen Freiheitsdenkers deutscher Sprache.<\/em><br \/>\n<em> Roland Baader in Bestform.<\/em><br \/>\n<span style=\"font-size: 10pt;\">Verlag: Resch (2010)<\/span><br \/>\n<span style=\"font-size: 10pt;\"> ISBN: 978-3935197571<\/span><\/p>\n<p><a href=\"https:\/\/vonderbeck.com\/wp-content\/uploads\/2016\/10\/Bibel.jpg\"><img loading=\"lazy\" decoding=\"async\" class=\"alignnone size-medium wp-image-45\" src=\"https:\/\/vonderbeck.com\/wp-content\/uploads\/2016\/10\/Bibel-196x300.jpg\" alt=\"bibel\" width=\"196\" height=\"300\" srcset=\"https:\/\/vonderbeck.com\/wp-content\/uploads\/2016\/10\/Bibel-196x300.jpg 196w, https:\/\/vonderbeck.com\/wp-content\/uploads\/2016\/10\/Bibel.jpg 297w\" sizes=\"auto, (max-width: 196px) 100vw, 196px\" \/><\/a><br \/>\n<em>&#8222;<span class=\"st\">The glory of God is man fully alive<\/span>&#8220; &#8211; St. Irenaeus<\/em><br \/>\n<span style=\"font-size: 10pt;\">Verlag: Deutsche Bibelgesellschaft (2016)<\/span><br \/>\n<span style=\"font-size: 10pt;\"> ISBN: 978-3438033109<\/span><\/p>\n<p><em><a href=\"https:\/\/vonderbeck.com\/wp-content\/uploads\/2016\/10\/WildAtHeart.jpg\"><img loading=\"lazy\" decoding=\"async\" class=\"alignnone size-medium wp-image-58\" src=\"https:\/\/vonderbeck.com\/wp-content\/uploads\/2016\/10\/WildAtHeart-191x300.jpg\" alt=\"wildatheart\" width=\"191\" height=\"300\" srcset=\"https:\/\/vonderbeck.com\/wp-content\/uploads\/2016\/10\/WildAtHeart-191x300.jpg 191w, https:\/\/vonderbeck.com\/wp-content\/uploads\/2016\/10\/WildAtHeart.jpg 300w\" sizes=\"auto, (max-width: 191px) 100vw, 191px\" \/><\/a><br \/>\nThis is a dangerous book. It will radically transform a man&#8217;s self-awareness.<\/em><br \/>\n<em>Eldredge invites men to recover their masculine heart, defined in the image of a passionate God.<\/em><br \/>\n<span style=\"font-size: 10pt;\">Verlag: John Eldredge (2011)<\/span><br \/>\n<span style=\"font-size: 10pt;\"> ISBN: 978-1400200399<\/span><\/p>\n","protected":false},"excerpt":{"rendered":"<p>In Zeiten mangelnden \u00f6konomischen Wissens an allen Ecken ein Must Read. Verlag: Nabu Press (2010) ISBN: 978-1146357395 Ein tolles Werk von Erhardt B\u00f6decker zu Wirtschaftspolitik. Verlag: Olzog (2010) ISBN: 978-3789281877 Der letzte und zutiefst aufr\u00fcttelnde Warnruf des gro\u00dfen Freiheitsdenkers deutscher Sprache. Roland Baader in Bestform. Verlag: Resch (2010) ISBN: 978-3935197571 &#8222;The glory of God is<a class=\"moretag\" href=\"https:\/\/vonderbeck.com\/?page_id=33\"><span class=\"screen-reader-text\">Read more about Literatur<\/span>[&#8230;]<\/a><\/p>\n","protected":false},"author":3,"featured_media":0,"parent":0,"menu_order":0,"comment_status":"closed","ping_status":"closed","template":"","meta":{"footnotes":""},"class_list":["post-33","page","type-page","status-publish","hentry"],"_links":{"self":[{"href":"https:\/\/vonderbeck.com\/index.php?rest_route=\/wp\/v2\/pages\/33","targetHints":{"allow":["GET"]}}],"collection":[{"href":"https:\/\/vonderbeck.com\/index.php?rest_route=\/wp\/v2\/pages"}],"about":[{"href":"https:\/\/vonderbeck.com\/index.php?rest_route=\/wp\/v2\/types\/page"}],"author":[{"embeddable":true,"href":"https:\/\/vonderbeck.com\/index.php?rest_route=\/wp\/v2\/users\/3"}],"replies":[{"embeddable":true,"href":"https:\/\/vonderbeck.com\/index.php?rest_route=%2Fwp%2Fv2%2Fcomments&post=33"}],"version-history":[{"count":2,"href":"https:\/\/vonderbeck.com\/index.php?rest_route=\/wp\/v2\/pages\/33\/revisions"}],"predecessor-version":[{"id":178,"href":"https:\/\/vonderbeck.com\/index.php?rest_route=\/wp\/v2\/pages\/33\/revisions\/178"}],"wp:attachment":[{"href":"https:\/\/vonderbeck.com\/index.php?rest_route=%2Fwp%2Fv2%2Fmedia&parent=33"}],"curies":[{"name":"wp","href":"https:\/\/api.w.org\/{rel}","templated":true}]}}